{"id":2,"date":"2020-12-16T19:19:41","date_gmt":"2020-12-16T18:19:41","guid":{"rendered":"http:\/\/kleintransporte.gmp-measurement-consulting.com\/?page_id=2"},"modified":"2022-08-22T17:23:16","modified_gmt":"2022-08-22T15:23:16","slug":"beispiel-seite","status":"publish","type":"page","link":"https:\/\/kleintransporte-rheinfelden.com\/","title":{"rendered":"Home"},"content":{"rendered":"<h5>Ist das Auto zu klein oder ist es zu schade f\u00fcr einen Transport?<br \/>\nWar der Einkauf zu gross?<br \/>\nIst ein gr\u00f6sserer Ausflug geplant?<\/h5>\n<h5>Gerne \u00fcbernehmen wir diese und \u00e4hnliche Transporte f\u00fcr Sie.<br \/>\nDer Standort dieser Unternehmung ist Rheinfelden \u2013 Transporte im weiteren Umkreis sind aber auch m\u00f6glich.<\/h5>\n<h5>Schreiben Sie eine uns eine <a href=\"https:\/\/kleintransporte-rheinfelden.com\/kontakt\/\">Nachricht<\/a>.<\/h5>\n<p><img loading=\"lazy\" src=\"https:\/\/kleintransporte-rheinfelden.com\/wp-content\/uploads\/sites\/2\/2020\/12\/transporter-kl.jpg\" alt=\"\" width=\"500\" height=\"auto\" \/><img loading=\"lazy\" src=\"https:\/\/kleintransporte-rheinfelden.com\/wp-content\/uploads\/sites\/2\/2020\/12\/SnipImage.jpg\" alt=\"\" width=\"400\" height=\"auto\" \/><\/p>\n","protected":false},"excerpt":{"rendered":"<p>Ist das Auto zu klein oder ist es zu schade f\u00fcr einen Transport? War der Einkauf zu gross? Ist ein gr\u00f6sserer Ausflug geplant? Gerne \u00fcbernehmen wir diese und \u00e4hnliche Transporte f\u00fcr Sie. Der Standort dieser Unternehmung ist Rheinfelden \u2013 Transporte &hellip; <a href=\"https:\/\/kleintransporte-rheinfelden.com\/\">Weiter<\/a><\/p>\n","protected":false},"author":1,"featured_media":0,"parent":0,"menu_order":0,"comment_status":"closed","ping_status":"open","template":"page-fullwidth.php","meta":[],"_links":{"self":[{"href":"https:\/\/kleintransporte-rheinfelden.com\/index.php?rest_route=\/wp\/v2\/pages\/2"}],"collection":[{"href":"https:\/\/kleintransporte-rheinfelden.com\/index.php?rest_route=\/wp\/v2\/pages"}],"about":[{"href":"https:\/\/kleintransporte-rheinfelden.com\/index.php?rest_route=\/wp\/v2\/types\/page"}],"author":[{"embeddable":true,"href":"https:\/\/kleintransporte-rheinfelden.com\/index.php?rest_route=\/wp\/v2\/users\/1"}],"replies":[{"embeddable":true,"href":"https:\/\/kleintransporte-rheinfelden.com\/index.php?rest_route=%2Fwp%2Fv2%2Fcomments&post=2"}],"version-history":[{"count":28,"href":"https:\/\/kleintransporte-rheinfelden.com\/index.php?rest_route=\/wp\/v2\/pages\/2\/revisions"}],"predecessor-version":[{"id":77,"href":"https:\/\/kleintransporte-rheinfelden.com\/index.php?rest_route=\/wp\/v2\/pages\/2\/revisions\/77"}],"wp:attachment":[{"href":"https:\/\/kleintransporte-rheinfelden.com\/index.php?rest_route=%2Fwp%2Fv2%2Fmedia&parent=2"}],"curies":[{"name":"wp","href":"https:\/\/api.w.org\/{rel}","templated":true}]}}